{"id":8216,"date":"2025-01-06T22:36:52","date_gmt":"2025-01-06T22:36:52","guid":{"rendered":"https:\/\/lavitrinaagencia.com\/?page_id=8216"},"modified":"2025-02-24T22:46:20","modified_gmt":"2025-02-24T22:46:20","slug":"contactanos","status":"publish","type":"page","link":"https:\/\/lavitrinaagencia.com\/en\/contactanos\/","title":{"rendered":"Contact Us"},"content":{"rendered":"","protected":false},"excerpt":{"rendered":"","protected":false},"author":1,"featured_media":0,"parent":0,"menu_order":0,"comment_status":"closed","ping_status":"closed","template":"","meta":{"site-sidebar-layout":"no-sidebar","site-content-layout":"page-builder","ast-site-content-layout":"full-width-container","site-content-style":"default","site-sidebar-style":"default","ast-global-header-display":"","ast-banner-title-visibility":"","ast-main-header-display":"","ast-hfb-above-header-display":"","ast-hfb-below-header-display":"","ast-hfb-mobile-header-display":"","site-post-title":"disabled","ast-breadcrumbs-content":"","ast-featured-img":"disabled","footer-sml-layout":"","ast-disable-related-posts":"","theme-transparent-header-meta":"","adv-header-id-meta":"","stick-header-meta":"","header-above-stick-meta":"","header-main-stick-meta":"","header-below-stick-meta":"","astra-migrate-meta-layouts":"set","ast-page-background-enabled":"default","ast-page-background-meta":{"desktop":{"background-color":"var(--ast-global-color-4)","background-image":"","background-repeat":"repeat","background-position":"center center","background-size":"auto","background-attachment":"scroll","background-type":"","background-media":"","overlay-type":"","overlay-color":"","overlay-opacity":"","overlay-gradient":""},"tablet":{"background-color":"","background-image":"","background-repeat":"repeat","background-position":"center center","background-size":"auto","background-attachment":"scroll","background-type":"","background-media":"","overlay-type":"","overlay-color":"","overlay-opacity":"","overlay-gradient":""},"mobile":{"background-color":"","background-image":"","background-repeat":"repeat","background-position":"center center","background-size":"auto","background-attachment":"scroll","background-type":"","background-media":"","overlay-type":"","overlay-color":"","overlay-opacity":"","overlay-gradient":""}},"ast-content-background-meta":{"desktop":{"background-color":"var(--ast-global-color-5)","background-image":"","background-repeat":"repeat","background-position":"center center","background-size":"auto","background-attachment":"scroll","background-type":"","background-media":"","overlay-type":"","overlay-color":"","overlay-opacity":"","overlay-gradient":""},"tablet":{"background-color":"var(--ast-global-color-5)","background-image":"","background-repeat":"repeat","background-position":"center center","background-size":"auto","background-attachment":"scroll","background-type":"","background-media":"","overlay-type":"","overlay-color":"","overlay-opacity":"","overlay-gradient":""},"mobile":{"background-color":"var(--ast-global-color-5)","background-image":"","background-repeat":"repeat","background-position":"center center","background-size":"auto","background-attachment":"scroll","background-type":"","background-media":"","overlay-type":"","overlay-color":"","overlay-opacity":"","overlay-gradient":""}},"footnotes":""},"class_list":["post-8216","page","type-page","status-publish","hentry"],"yoast_head":"<!-- This site is optimized with the Yoast SEO Premium plugin v24.0 (Yoast SEO v26.8) - https:\/\/yoast.com\/product\/yoast-seo-premium-wordpress\/ -->\n<title>Cont\u00e1ctanos - La vitrina agencia<\/title>\n<meta name=\"description\" content=\"Cont\u00e1ctanos en La Vitrina Agencia, tu aliado en herramientas digitales. Resuelve tus dudas, solicita informaci\u00f3n o agenda una consulta gratis\" \/>\n<meta name=\"robots\" content=\"index, follow, max-snippet:-1, max-image-preview:large, max-video-preview:-1\" \/>\n<link rel=\"canonical\" href=\"https:\/\/lavitrinaagencia.com\/en\/contactanos\/\" \/>\n<meta property=\"og:locale\" content=\"en_US\" \/>\n<meta property=\"og:type\" content=\"article\" \/>\n<meta property=\"og:title\" content=\"Cont\u00e1ctanos\" \/>\n<meta property=\"og:description\" content=\"Cont\u00e1ctanos en La Vitrina Agencia, tu aliado en herramientas digitales. Resuelve tus dudas, solicita informaci\u00f3n o agenda una consulta gratis\" \/>\n<meta property=\"og:url\" content=\"https:\/\/lavitrinaagencia.com\/en\/contactanos\/\" \/>\n<meta property=\"og:site_name\" content=\"La vitrina agencia\" \/>\n<meta property=\"article:publisher\" content=\"https:\/\/www.facebook.com\/LaVitrinaagenciacol\" \/>\n<meta property=\"article:modified_time\" content=\"2025-02-24T22:46:20+00:00\" \/>\n<meta property=\"og:image\" content=\"https:\/\/lavitrinaagencia.com\/wp-content\/uploads\/2023\/06\/Logo-Blanco-2022_Mesa-de-trabajo-1.png\" \/>\n\t<meta property=\"og:image:width\" content=\"1736\" \/>\n\t<meta property=\"og:image:height\" content=\"833\" \/>\n\t<meta property=\"og:image:type\" content=\"image\/png\" \/>\n<meta name=\"twitter:card\" content=\"summary_large_image\" \/>\n<script type=\"application\/ld+json\" class=\"yoast-schema-graph\">{\"@context\":\"https:\/\/schema.org\",\"@graph\":[{\"@type\":\"WebPage\",\"@id\":\"https:\/\/lavitrinaagencia.com\/contactanos\/\",\"url\":\"https:\/\/lavitrinaagencia.com\/contactanos\/\",\"name\":\"Cont\u00e1ctanos - La vitrina agencia\",\"isPartOf\":{\"@id\":\"https:\/\/lavitrinaagencia.com\/#website\"},\"datePublished\":\"2025-01-06T22:36:52+00:00\",\"dateModified\":\"2025-02-24T22:46:20+00:00\",\"description\":\"Cont\u00e1ctanos en La Vitrina Agencia, tu aliado en herramientas digitales. Resuelve tus dudas, solicita informaci\u00f3n o agenda una consulta gratis\",\"breadcrumb\":{\"@id\":\"https:\/\/lavitrinaagencia.com\/contactanos\/#breadcrumb\"},\"inLanguage\":\"en-US\",\"potentialAction\":[{\"@type\":\"ReadAction\",\"target\":[\"https:\/\/lavitrinaagencia.com\/contactanos\/\"]}]},{\"@type\":\"BreadcrumbList\",\"@id\":\"https:\/\/lavitrinaagencia.com\/contactanos\/#breadcrumb\",\"itemListElement\":[{\"@type\":\"ListItem\",\"position\":1,\"name\":\"Portada\",\"item\":\"https:\/\/lavitrinaagencia.com\/\"},{\"@type\":\"ListItem\",\"position\":2,\"name\":\"Cont\u00e1ctanos\"}]},{\"@type\":\"WebSite\",\"@id\":\"https:\/\/lavitrinaagencia.com\/#website\",\"url\":\"https:\/\/lavitrinaagencia.com\/\",\"name\":\"La Vitrina Agencia Digital\",\"description\":\"Agencia digital en Bogot\u00e1, especializada en desarrollo, dise\u00f1o web. SEO, Wordpress, CRM, IA.\",\"publisher\":{\"@id\":\"https:\/\/lavitrinaagencia.com\/#organization\"},\"alternateName\":\"La Vitrina\",\"potentialAction\":[{\"@type\":\"SearchAction\",\"target\":{\"@type\":\"EntryPoint\",\"urlTemplate\":\"https:\/\/lavitrinaagencia.com\/?s={search_term_string}\"},\"query-input\":{\"@type\":\"PropertyValueSpecification\",\"valueRequired\":true,\"valueName\":\"search_term_string\"}}],\"inLanguage\":\"en-US\"},{\"@type\":[\"Organization\",\"Place\"],\"@id\":\"https:\/\/lavitrinaagencia.com\/#organization\",\"name\":\"La vitrina agencia\",\"url\":\"https:\/\/lavitrinaagencia.com\/\",\"logo\":{\"@id\":\"https:\/\/lavitrinaagencia.com\/contactanos\/#local-main-organization-logo\"},\"image\":{\"@id\":\"https:\/\/lavitrinaagencia.com\/contactanos\/#local-main-organization-logo\"},\"sameAs\":[\"https:\/\/www.facebook.com\/LaVitrinaagenciacol\",\"https:\/\/www.instagram.com\/lavitrinaagencia\/\",\"https:\/\/www.linkedin.com\/company\/la-vitrina-digital\/\"],\"publishingPrinciples\":\"https:\/\/lavitrinaagencia.com\/blog\/\",\"openingHoursSpecification\":[{\"@type\":\"OpeningHoursSpecification\",\"dayOfWeek\":[\"Monday\",\"Tuesday\",\"Wednesday\",\"Thursday\",\"Friday\",\"Saturday\",\"Sunday\"],\"opens\":\"09:00\",\"closes\":\"17:00\"}]},{\"@type\":\"ImageObject\",\"inLanguage\":\"en-US\",\"@id\":\"https:\/\/lavitrinaagencia.com\/contactanos\/#local-main-organization-logo\",\"url\":\"https:\/\/lavitrinaagencia.com\/wp-content\/uploads\/2023\/06\/Logo-Blanco-2022_Mesa-de-trabajo-1.png\",\"contentUrl\":\"https:\/\/lavitrinaagencia.com\/wp-content\/uploads\/2023\/06\/Logo-Blanco-2022_Mesa-de-trabajo-1.png\",\"width\":1736,\"height\":833,\"caption\":\"La vitrina agencia\"}]}<\/script>\n<!-- \/ Yoast SEO Premium plugin. -->","yoast_head_json":{"title":"Cont\u00e1ctanos - La vitrina agencia","description":"Cont\u00e1ctanos en La Vitrina Agencia, tu aliado en herramientas digitales. Resuelve tus dudas, solicita informaci\u00f3n o agenda una consulta gratis","robots":{"index":"index","follow":"follow","max-snippet":"max-snippet:-1","max-image-preview":"max-image-preview:large","max-video-preview":"max-video-preview:-1"},"canonical":"https:\/\/lavitrinaagencia.com\/en\/contactanos\/","og_locale":"en_US","og_type":"article","og_title":"Cont\u00e1ctanos","og_description":"Cont\u00e1ctanos en La Vitrina Agencia, tu aliado en herramientas digitales. Resuelve tus dudas, solicita informaci\u00f3n o agenda una consulta gratis","og_url":"https:\/\/lavitrinaagencia.com\/en\/contactanos\/","og_site_name":"La vitrina agencia","article_publisher":"https:\/\/www.facebook.com\/LaVitrinaagenciacol","article_modified_time":"2025-02-24T22:46:20+00:00","og_image":[{"width":1736,"height":833,"url":"https:\/\/lavitrinaagencia.com\/wp-content\/uploads\/2023\/06\/Logo-Blanco-2022_Mesa-de-trabajo-1.png","type":"image\/png"}],"twitter_card":"summary_large_image","schema":{"@context":"https:\/\/schema.org","@graph":[{"@type":"WebPage","@id":"https:\/\/lavitrinaagencia.com\/contactanos\/","url":"https:\/\/lavitrinaagencia.com\/contactanos\/","name":"Cont\u00e1ctanos - La vitrina agencia","isPartOf":{"@id":"https:\/\/lavitrinaagencia.com\/#website"},"datePublished":"2025-01-06T22:36:52+00:00","dateModified":"2025-02-24T22:46:20+00:00","description":"Cont\u00e1ctanos en La Vitrina Agencia, tu aliado en herramientas digitales. Resuelve tus dudas, solicita informaci\u00f3n o agenda una consulta gratis","breadcrumb":{"@id":"https:\/\/lavitrinaagencia.com\/contactanos\/#breadcrumb"},"inLanguage":"en-US","potentialAction":[{"@type":"ReadAction","target":["https:\/\/lavitrinaagencia.com\/contactanos\/"]}]},{"@type":"BreadcrumbList","@id":"https:\/\/lavitrinaagencia.com\/contactanos\/#breadcrumb","itemListElement":[{"@type":"ListItem","position":1,"name":"Portada","item":"https:\/\/lavitrinaagencia.com\/"},{"@type":"ListItem","position":2,"name":"Cont\u00e1ctanos"}]},{"@type":"WebSite","@id":"https:\/\/lavitrinaagencia.com\/#website","url":"https:\/\/lavitrinaagencia.com\/","name":"La Vitrina Agencia Digital","description":"Agencia digital en Bogot\u00e1, especializada en desarrollo, dise\u00f1o web. SEO, Wordpress, CRM, IA.","publisher":{"@id":"https:\/\/lavitrinaagencia.com\/#organization"},"alternateName":"La Vitrina","potentialAction":[{"@type":"SearchAction","target":{"@type":"EntryPoint","urlTemplate":"https:\/\/lavitrinaagencia.com\/?s={search_term_string}"},"query-input":{"@type":"PropertyValueSpecification","valueRequired":true,"valueName":"search_term_string"}}],"inLanguage":"en-US"},{"@type":["Organization","Place"],"@id":"https:\/\/lavitrinaagencia.com\/#organization","name":"La vitrina agencia","url":"https:\/\/lavitrinaagencia.com\/","logo":{"@id":"https:\/\/lavitrinaagencia.com\/contactanos\/#local-main-organization-logo"},"image":{"@id":"https:\/\/lavitrinaagencia.com\/contactanos\/#local-main-organization-logo"},"sameAs":["https:\/\/www.facebook.com\/LaVitrinaagenciacol","https:\/\/www.instagram.com\/lavitrinaagencia\/","https:\/\/www.linkedin.com\/company\/la-vitrina-digital\/"],"publishingPrinciples":"https:\/\/lavitrinaagencia.com\/blog\/","openingHoursSpecification":[{"@type":"OpeningHoursSpecification","dayOfWeek":["Monday","Tuesday","Wednesday","Thursday","Friday","Saturday","Sunday"],"opens":"09:00","closes":"17:00"}]},{"@type":"ImageObject","inLanguage":"en-US","@id":"https:\/\/lavitrinaagencia.com\/contactanos\/#local-main-organization-logo","url":"https:\/\/lavitrinaagencia.com\/wp-content\/uploads\/2023\/06\/Logo-Blanco-2022_Mesa-de-trabajo-1.png","contentUrl":"https:\/\/lavitrinaagencia.com\/wp-content\/uploads\/2023\/06\/Logo-Blanco-2022_Mesa-de-trabajo-1.png","width":1736,"height":833,"caption":"La vitrina agencia"}]}},"_links":{"self":[{"href":"https:\/\/lavitrinaagencia.com\/en\/wp-json\/wp\/v2\/pages\/8216","targetHints":{"allow":["GET"]}}],"collection":[{"href":"https:\/\/lavitrinaagencia.com\/en\/wp-json\/wp\/v2\/pages"}],"about":[{"href":"https:\/\/lavitrinaagencia.com\/en\/wp-json\/wp\/v2\/types\/page"}],"author":[{"embeddable":true,"href":"https:\/\/lavitrinaagencia.com\/en\/wp-json\/wp\/v2\/users\/1"}],"replies":[{"embeddable":true,"href":"https:\/\/lavitrinaagencia.com\/en\/wp-json\/wp\/v2\/comments?post=8216"}],"version-history":[{"count":1,"href":"https:\/\/lavitrinaagencia.com\/en\/wp-json\/wp\/v2\/pages\/8216\/revisions"}],"predecessor-version":[{"id":8217,"href":"https:\/\/lavitrinaagencia.com\/en\/wp-json\/wp\/v2\/pages\/8216\/revisions\/8217"}],"wp:attachment":[{"href":"https:\/\/lavitrinaagencia.com\/en\/wp-json\/wp\/v2\/media?parent=8216"}],"curies":[{"name":"wp","href":"https:\/\/api.w.org\/{rel}","templated":true}]}}