{"id":443,"date":"2022-12-13T17:13:58","date_gmt":"2022-12-13T17:13:58","guid":{"rendered":"https:\/\/lavitrinaagencia.com\/?page_id=443"},"modified":"2024-09-24T21:33:33","modified_gmt":"2024-09-24T21:33:33","slug":"blog","status":"publish","type":"page","link":"https:\/\/lavitrinaagencia.com\/en\/blog\/","title":{"rendered":"Blog"},"content":{"rendered":"<div data-elementor-type=\"wp-page\" data-elementor-id=\"443\" class=\"elementor elementor-443\" data-elementor-post-type=\"page\">\n\t\t\t\t<div class=\"elementor-element elementor-element-70bb384 e-flex e-con-boxed e-con e-parent\" data-id=\"70bb384\" data-element_type=\"container\">\n\t\t\t\t\t<div class=\"e-con-inner\">\n\t\t\t\t\t<\/div>\n\t\t\t\t<\/div>\n\t\t\t\t<\/div>","protected":false},"excerpt":{"rendered":"<p>Recent Posts All Marketing digital: 6 estrategias que debes utilizar diciembre 13, 2022 Importancia y Futuro del Marketing Digital septiembre 24, 2024 Gu\u00eda de Mantenimiento B\u00e1sico para tu P\u00e1gina WordPress julio 21, 2023 Conoce el impacto de la industria 5.0 en tu negocio junto a una agencia digital diciembre 13, 2022 C\u00f3mo encontrar el nombre [&hellip;]<\/p>","protected":false},"author":1,"featured_media":2668,"parent":0,"menu_order":0,"comment_status":"closed","ping_status":"closed","template":"","meta":{"site-sidebar-layout":"no-sidebar","site-content-layout":"page-builder","ast-site-content-layout":"default","site-content-style":"default","site-sidebar-style":"default","ast-global-header-display":"","ast-banner-title-visibility":"","ast-main-header-display":"","ast-hfb-above-header-display":"","ast-hfb-below-header-display":"","ast-hfb-mobile-header-display":"","site-post-title":"disabled","ast-breadcrumbs-content":"","ast-featured-img":"disabled","footer-sml-layout":"","ast-disable-related-posts":"","theme-transparent-header-meta":"","adv-header-id-meta":"","stick-header-meta":"","header-above-stick-meta":"","header-main-stick-meta":"","header-below-stick-meta":"","astra-migrate-meta-layouts":"default","ast-page-background-enabled":"default","ast-page-background-meta":{"desktop":{"background-color":"var(--ast-global-color-4)","background-image":"","background-repeat":"repeat","background-position":"center center","background-size":"auto","background-attachment":"scroll","background-type":"","background-media":"","overlay-type":"","overlay-color":"","overlay-opacity":"","overlay-gradient":""},"tablet":{"background-color":"","background-image":"","background-repeat":"repeat","background-position":"center center","background-size":"auto","background-attachment":"scroll","background-type":"","background-media":"","overlay-type":"","overlay-color":"","overlay-opacity":"","overlay-gradient":""},"mobile":{"background-color":"","background-image":"","background-repeat":"repeat","background-position":"center center","background-size":"auto","background-attachment":"scroll","background-type":"","background-media":"","overlay-type":"","overlay-color":"","overlay-opacity":"","overlay-gradient":""}},"ast-content-background-meta":{"desktop":{"background-color":"var(--ast-global-color-5)","background-image":"","background-repeat":"repeat","background-position":"center center","background-size":"auto","background-attachment":"scroll","background-type":"","background-media":"","overlay-type":"","overlay-color":"","overlay-opacity":"","overlay-gradient":""},"tablet":{"background-color":"var(--ast-global-color-5)","background-image":"","background-repeat":"repeat","background-position":"center center","background-size":"auto","background-attachment":"scroll","background-type":"","background-media":"","overlay-type":"","overlay-color":"","overlay-opacity":"","overlay-gradient":""},"mobile":{"background-color":"var(--ast-global-color-5)","background-image":"","background-repeat":"repeat","background-position":"center center","background-size":"auto","background-attachment":"scroll","background-type":"","background-media":"","overlay-type":"","overlay-color":"","overlay-opacity":"","overlay-gradient":""}},"footnotes":""},"class_list":["post-443","page","type-page","status-publish","has-post-thumbnail","hentry"],"yoast_head":"<!-- This site is optimized with the Yoast SEO Premium plugin v24.0 (Yoast SEO v26.8) - https:\/\/yoast.com\/product\/yoast-seo-premium-wordpress\/ -->\n<title>Blog - La vitrina agencia<\/title>\n<meta name=\"description\" content=\"Encuentra valiosos consejos y trucos en nuestro blog que te ayudar\u00e1n a alcanzar el \u00e9xito en l\u00ednea. Aprende estrategias probadas y descubre c\u00f3mo maximizar tu presencia en internet de manera pr\u00e1ctica y efectiva.\" \/>\n<meta name=\"robots\" content=\"index, follow, max-snippet:-1, max-image-preview:large, max-video-preview:-1\" \/>\n<link rel=\"canonical\" href=\"https:\/\/lavitrinaagencia.com\/en\/blog\/\" \/>\n<meta property=\"og:locale\" content=\"en_US\" \/>\n<meta property=\"og:type\" content=\"article\" \/>\n<meta property=\"og:title\" content=\"Blog\" \/>\n<meta property=\"og:description\" content=\"Encuentra valiosos consejos y trucos en nuestro blog que te ayudar\u00e1n a alcanzar el \u00e9xito en l\u00ednea. Aprende estrategias probadas y descubre c\u00f3mo maximizar tu presencia en internet de manera pr\u00e1ctica y efectiva.\" \/>\n<meta property=\"og:url\" content=\"https:\/\/lavitrinaagencia.com\/en\/blog\/\" \/>\n<meta property=\"og:site_name\" content=\"La vitrina agencia\" \/>\n<meta property=\"article:publisher\" content=\"https:\/\/www.facebook.com\/LaVitrinaagenciacol\" \/>\n<meta property=\"article:modified_time\" content=\"2024-09-24T21:33:33+00:00\" \/>\n<meta property=\"og:image\" content=\"https:\/\/lavitrinaagencia.com\/wp-content\/uploads\/2023\/05\/pexels-photo-6829538.webp\" \/>\n\t<meta property=\"og:image:width\" content=\"1123\" \/>\n\t<meta property=\"og:image:height\" content=\"750\" \/>\n\t<meta property=\"og:image:type\" content=\"image\/webp\" \/>\n<meta name=\"twitter:card\" content=\"summary_large_image\" \/>\n<meta name=\"twitter:label1\" content=\"Est. reading time\" \/>\n\t<meta name=\"twitter:data1\" content=\"2 minutes\" \/>\n<script type=\"application\/ld+json\" class=\"yoast-schema-graph\">{\"@context\":\"https:\/\/schema.org\",\"@graph\":[{\"@type\":\"WebPage\",\"@id\":\"https:\/\/lavitrinaagencia.com\/blog\/\",\"url\":\"https:\/\/lavitrinaagencia.com\/blog\/\",\"name\":\"Blog - La vitrina agencia\",\"isPartOf\":{\"@id\":\"https:\/\/lavitrinaagencia.com\/#website\"},\"primaryImageOfPage\":{\"@id\":\"https:\/\/lavitrinaagencia.com\/blog\/#primaryimage\"},\"image\":{\"@id\":\"https:\/\/lavitrinaagencia.com\/blog\/#primaryimage\"},\"thumbnailUrl\":\"https:\/\/lavitrinaagencia.com\/wp-content\/uploads\/2023\/05\/pexels-photo-6829538.webp\",\"datePublished\":\"2022-12-13T17:13:58+00:00\",\"dateModified\":\"2024-09-24T21:33:33+00:00\",\"description\":\"Encuentra valiosos consejos y trucos en nuestro blog que te ayudar\u00e1n a alcanzar el \u00e9xito en l\u00ednea. Aprende estrategias probadas y descubre c\u00f3mo maximizar tu presencia en internet de manera pr\u00e1ctica y efectiva.\",\"breadcrumb\":{\"@id\":\"https:\/\/lavitrinaagencia.com\/blog\/#breadcrumb\"},\"inLanguage\":\"en-US\",\"potentialAction\":[{\"@type\":\"ReadAction\",\"target\":[\"https:\/\/lavitrinaagencia.com\/blog\/\"]}]},{\"@type\":\"ImageObject\",\"inLanguage\":\"en-US\",\"@id\":\"https:\/\/lavitrinaagencia.com\/blog\/#primaryimage\",\"url\":\"https:\/\/lavitrinaagencia.com\/wp-content\/uploads\/2023\/05\/pexels-photo-6829538.webp\",\"contentUrl\":\"https:\/\/lavitrinaagencia.com\/wp-content\/uploads\/2023\/05\/pexels-photo-6829538.webp\",\"width\":1123,\"height\":750},{\"@type\":\"BreadcrumbList\",\"@id\":\"https:\/\/lavitrinaagencia.com\/blog\/#breadcrumb\",\"itemListElement\":[{\"@type\":\"ListItem\",\"position\":1,\"name\":\"Portada\",\"item\":\"https:\/\/lavitrinaagencia.com\/\"},{\"@type\":\"ListItem\",\"position\":2,\"name\":\"Blog\"}]},{\"@type\":\"WebSite\",\"@id\":\"https:\/\/lavitrinaagencia.com\/#website\",\"url\":\"https:\/\/lavitrinaagencia.com\/\",\"name\":\"La Vitrina Agencia Digital\",\"description\":\"Agencia digital en Bogot\u00e1, especializada en desarrollo, dise\u00f1o web. SEO, Wordpress, CRM, IA.\",\"publisher\":{\"@id\":\"https:\/\/lavitrinaagencia.com\/#organization\"},\"alternateName\":\"La Vitrina\",\"potentialAction\":[{\"@type\":\"SearchAction\",\"target\":{\"@type\":\"EntryPoint\",\"urlTemplate\":\"https:\/\/lavitrinaagencia.com\/?s={search_term_string}\"},\"query-input\":{\"@type\":\"PropertyValueSpecification\",\"valueRequired\":true,\"valueName\":\"search_term_string\"}}],\"inLanguage\":\"en-US\"},{\"@type\":[\"Organization\",\"Place\"],\"@id\":\"https:\/\/lavitrinaagencia.com\/#organization\",\"name\":\"La vitrina agencia\",\"url\":\"https:\/\/lavitrinaagencia.com\/\",\"logo\":{\"@id\":\"https:\/\/lavitrinaagencia.com\/blog\/#local-main-organization-logo\"},\"image\":{\"@id\":\"https:\/\/lavitrinaagencia.com\/blog\/#local-main-organization-logo\"},\"sameAs\":[\"https:\/\/www.facebook.com\/LaVitrinaagenciacol\",\"https:\/\/www.instagram.com\/lavitrinaagencia\/\",\"https:\/\/www.linkedin.com\/company\/la-vitrina-digital\/\"],\"publishingPrinciples\":\"https:\/\/lavitrinaagencia.com\/blog\/\",\"openingHoursSpecification\":[{\"@type\":\"OpeningHoursSpecification\",\"dayOfWeek\":[\"Monday\",\"Tuesday\",\"Wednesday\",\"Thursday\",\"Friday\",\"Saturday\",\"Sunday\"],\"opens\":\"09:00\",\"closes\":\"17:00\"}]},{\"@type\":\"ImageObject\",\"inLanguage\":\"en-US\",\"@id\":\"https:\/\/lavitrinaagencia.com\/blog\/#local-main-organization-logo\",\"url\":\"https:\/\/lavitrinaagencia.com\/wp-content\/uploads\/2023\/06\/Logo-Blanco-2022_Mesa-de-trabajo-1.png\",\"contentUrl\":\"https:\/\/lavitrinaagencia.com\/wp-content\/uploads\/2023\/06\/Logo-Blanco-2022_Mesa-de-trabajo-1.png\",\"width\":1736,\"height\":833,\"caption\":\"La vitrina agencia\"}]}<\/script>\n<!-- \/ Yoast SEO Premium plugin. -->","yoast_head_json":{"title":"Blog - La vitrina agencia","description":"Encuentra valiosos consejos y trucos en nuestro blog que te ayudar\u00e1n a alcanzar el \u00e9xito en l\u00ednea. Aprende estrategias probadas y descubre c\u00f3mo maximizar tu presencia en internet de manera pr\u00e1ctica y efectiva.","robots":{"index":"index","follow":"follow","max-snippet":"max-snippet:-1","max-image-preview":"max-image-preview:large","max-video-preview":"max-video-preview:-1"},"canonical":"https:\/\/lavitrinaagencia.com\/en\/blog\/","og_locale":"en_US","og_type":"article","og_title":"Blog","og_description":"Encuentra valiosos consejos y trucos en nuestro blog que te ayudar\u00e1n a alcanzar el \u00e9xito en l\u00ednea. Aprende estrategias probadas y descubre c\u00f3mo maximizar tu presencia en internet de manera pr\u00e1ctica y efectiva.","og_url":"https:\/\/lavitrinaagencia.com\/en\/blog\/","og_site_name":"La vitrina agencia","article_publisher":"https:\/\/www.facebook.com\/LaVitrinaagenciacol","article_modified_time":"2024-09-24T21:33:33+00:00","og_image":[{"width":1123,"height":750,"url":"https:\/\/lavitrinaagencia.com\/wp-content\/uploads\/2023\/05\/pexels-photo-6829538.webp","type":"image\/webp"}],"twitter_card":"summary_large_image","twitter_misc":{"Est. reading time":"2 minutes"},"schema":{"@context":"https:\/\/schema.org","@graph":[{"@type":"WebPage","@id":"https:\/\/lavitrinaagencia.com\/blog\/","url":"https:\/\/lavitrinaagencia.com\/blog\/","name":"Blog - La vitrina agencia","isPartOf":{"@id":"https:\/\/lavitrinaagencia.com\/#website"},"primaryImageOfPage":{"@id":"https:\/\/lavitrinaagencia.com\/blog\/#primaryimage"},"image":{"@id":"https:\/\/lavitrinaagencia.com\/blog\/#primaryimage"},"thumbnailUrl":"https:\/\/lavitrinaagencia.com\/wp-content\/uploads\/2023\/05\/pexels-photo-6829538.webp","datePublished":"2022-12-13T17:13:58+00:00","dateModified":"2024-09-24T21:33:33+00:00","description":"Encuentra valiosos consejos y trucos en nuestro blog que te ayudar\u00e1n a alcanzar el \u00e9xito en l\u00ednea. Aprende estrategias probadas y descubre c\u00f3mo maximizar tu presencia en internet de manera pr\u00e1ctica y efectiva.","breadcrumb":{"@id":"https:\/\/lavitrinaagencia.com\/blog\/#breadcrumb"},"inLanguage":"en-US","potentialAction":[{"@type":"ReadAction","target":["https:\/\/lavitrinaagencia.com\/blog\/"]}]},{"@type":"ImageObject","inLanguage":"en-US","@id":"https:\/\/lavitrinaagencia.com\/blog\/#primaryimage","url":"https:\/\/lavitrinaagencia.com\/wp-content\/uploads\/2023\/05\/pexels-photo-6829538.webp","contentUrl":"https:\/\/lavitrinaagencia.com\/wp-content\/uploads\/2023\/05\/pexels-photo-6829538.webp","width":1123,"height":750},{"@type":"BreadcrumbList","@id":"https:\/\/lavitrinaagencia.com\/blog\/#breadcrumb","itemListElement":[{"@type":"ListItem","position":1,"name":"Portada","item":"https:\/\/lavitrinaagencia.com\/"},{"@type":"ListItem","position":2,"name":"Blog"}]},{"@type":"WebSite","@id":"https:\/\/lavitrinaagencia.com\/#website","url":"https:\/\/lavitrinaagencia.com\/","name":"La Vitrina Agencia Digital","description":"Agencia digital en Bogot\u00e1, especializada en desarrollo, dise\u00f1o web. SEO, Wordpress, CRM, IA.","publisher":{"@id":"https:\/\/lavitrinaagencia.com\/#organization"},"alternateName":"La Vitrina","potentialAction":[{"@type":"SearchAction","target":{"@type":"EntryPoint","urlTemplate":"https:\/\/lavitrinaagencia.com\/?s={search_term_string}"},"query-input":{"@type":"PropertyValueSpecification","valueRequired":true,"valueName":"search_term_string"}}],"inLanguage":"en-US"},{"@type":["Organization","Place"],"@id":"https:\/\/lavitrinaagencia.com\/#organization","name":"La vitrina agencia","url":"https:\/\/lavitrinaagencia.com\/","logo":{"@id":"https:\/\/lavitrinaagencia.com\/blog\/#local-main-organization-logo"},"image":{"@id":"https:\/\/lavitrinaagencia.com\/blog\/#local-main-organization-logo"},"sameAs":["https:\/\/www.facebook.com\/LaVitrinaagenciacol","https:\/\/www.instagram.com\/lavitrinaagencia\/","https:\/\/www.linkedin.com\/company\/la-vitrina-digital\/"],"publishingPrinciples":"https:\/\/lavitrinaagencia.com\/blog\/","openingHoursSpecification":[{"@type":"OpeningHoursSpecification","dayOfWeek":["Monday","Tuesday","Wednesday","Thursday","Friday","Saturday","Sunday"],"opens":"09:00","closes":"17:00"}]},{"@type":"ImageObject","inLanguage":"en-US","@id":"https:\/\/lavitrinaagencia.com\/blog\/#local-main-organization-logo","url":"https:\/\/lavitrinaagencia.com\/wp-content\/uploads\/2023\/06\/Logo-Blanco-2022_Mesa-de-trabajo-1.png","contentUrl":"https:\/\/lavitrinaagencia.com\/wp-content\/uploads\/2023\/06\/Logo-Blanco-2022_Mesa-de-trabajo-1.png","width":1736,"height":833,"caption":"La vitrina agencia"}]}},"_links":{"self":[{"href":"https:\/\/lavitrinaagencia.com\/en\/wp-json\/wp\/v2\/pages\/443","targetHints":{"allow":["GET"]}}],"collection":[{"href":"https:\/\/lavitrinaagencia.com\/en\/wp-json\/wp\/v2\/pages"}],"about":[{"href":"https:\/\/lavitrinaagencia.com\/en\/wp-json\/wp\/v2\/types\/page"}],"author":[{"embeddable":true,"href":"https:\/\/lavitrinaagencia.com\/en\/wp-json\/wp\/v2\/users\/1"}],"replies":[{"embeddable":true,"href":"https:\/\/lavitrinaagencia.com\/en\/wp-json\/wp\/v2\/comments?post=443"}],"version-history":[{"count":33,"href":"https:\/\/lavitrinaagencia.com\/en\/wp-json\/wp\/v2\/pages\/443\/revisions"}],"predecessor-version":[{"id":7000,"href":"https:\/\/lavitrinaagencia.com\/en\/wp-json\/wp\/v2\/pages\/443\/revisions\/7000"}],"wp:featuredmedia":[{"embeddable":true,"href":"https:\/\/lavitrinaagencia.com\/en\/wp-json\/wp\/v2\/media\/2668"}],"wp:attachment":[{"href":"https:\/\/lavitrinaagencia.com\/en\/wp-json\/wp\/v2\/media?parent=443"}],"curies":[{"name":"wp","href":"https:\/\/api.w.org\/{rel}","templated":true}]}}